{"id":677,"date":"2023-06-19T16:11:48","date_gmt":"2023-06-19T14:11:48","guid":{"rendered":"https:\/\/yannicklemagicien.fr\/?page_id=677"},"modified":"2023-10-13T01:58:05","modified_gmt":"2023-10-12T23:58:05","slug":"la-fleche-de-cupidon","status":"publish","type":"page","link":"https:\/\/yannicklemagicien.fr\/?page_id=677","title":{"rendered":"La Fl\u00eache de Cupidon"},"content":{"rendered":"\n<figure class=\"wp-block-image size-large\"><img loading=\"lazy\" decoding=\"async\" width=\"1024\" height=\"548\" src=\"https:\/\/yannicklemagicien.fr\/wp-content\/uploads\/2023\/06\/Cupidon-1024x548.jpeg\" alt=\"\" class=\"wp-image-678\" srcset=\"https:\/\/yannicklemagicien.fr\/wp-content\/uploads\/2023\/06\/Cupidon-1024x548.jpeg 1024w, https:\/\/yannicklemagicien.fr\/wp-content\/uploads\/2023\/06\/Cupidon-300x160.jpeg 300w, https:\/\/yannicklemagicien.fr\/wp-content\/uploads\/2023\/06\/Cupidon-768x411.jpeg 768w, https:\/\/yannicklemagicien.fr\/wp-content\/uploads\/2023\/06\/Cupidon-112x60.jpeg 112w, https:\/\/yannicklemagicien.fr\/wp-content\/uploads\/2023\/06\/Cupidon.jpeg 1219w\" sizes=\"auto, (max-width: 1024px) 100vw, 1024px\" \/><\/figure>\n\n\n\n<h1 class=\"wp-block-heading has-text-align-center\"><strong>Note d&rsquo;intention<\/strong><\/h1>\n\n\n\n<p><strong>\u00ab\u00a0La Fl\u00e8che de Cupidon\u00a0\u00bb&nbsp;<\/strong>est le nom de mon nouveau projet de court m\u00e9trage. Il s&rsquo;agit d&rsquo;une fiction qui traite de la probl\u00e9matique de la naissance du sentiment amoureux : questionner l&rsquo;essence des sentiments que peuvent se porter deux personnes entre elles permet de s&rsquo;interroger sur la nature du couple, et au del\u00e0 sur la notion de confiance en soi. Propice \u00e0 la r\u00e9flexion, le ton est n\u00e9anmoins d\u00e9cal\u00e9 et l\u00e9ger, et laisse une part importante \u00e0 l&rsquo;humour.<\/p>\n\n\n\n<p>Le film peut se voir comme un conte de f\u00e9e moderne. En effet, le r\u00e9cit donne corps \u00e0 ce qui repr\u00e9sente certainement l&rsquo;un des plus grand fantasme masculin.<\/p>\n\n\n\n<p><strong>Le pitch<\/strong>&nbsp;est le suivant :<\/p>\n\n\n\n<p> \u00ab\u00a0Valentin est fou amoureux de la jolie Michelle, une femme belle et ind\u00e9pendante qui ne voit en lui au mieux qu&rsquo;une connaissance, au pire un casse-pieds maladroit dont elle souhaiterait se d\u00e9barrasser.<\/p>\n\n\n\n<p> Fort \u00e0 propos, il entre un jour en possession de&nbsp;<em>La&nbsp;Fl\u00e8che de Cupidon<\/em>, un objet magique&nbsp;qui aurait la pr\u00e9tendu facult\u00e9 de rendre amoureux quiconque entre en son contact. Imaginez un instant que vous vous trouviez vous m\u00eame en capacit\u00e9 de s\u00e9duire qui vous voulez, n&rsquo;importe quelle femme que vous croisez ou que vous d\u00e9sirez. D\u00e8s lors, que va faire Valentin ? Va t-il utiliser cet objet avec la jolie Michelle, sachant que s&rsquo;il le fait, cet amour ne sera ni naturel ni sinc\u00e8re ? D&rsquo;autre part, la fl\u00e8che poss\u00e8de t-elle vraiment des capacit\u00e9s extraordinaires ?<\/p>\n\n\n\n<p><strong>Intentions<\/strong>&nbsp;: <\/p>\n\n\n\n<p>M\u00eame si la tonalit\u00e9 revendique une forme l\u00e9g\u00e8re qui pr\u00eate \u00e0 sourire, le film se donne pour ambition de proposer une grande r\u00e9flexion autour du sentiment amoureux. Des probl\u00e9matiques plus complexes \u00e9mergent : Qu&rsquo;est-ce qui fait que deux personnes sont attir\u00e9s une par l&rsquo;autre ? Peut-on arriver \u00e0 d\u00e9passer la seule attirance physique ? Quel degr\u00e9 de sinc\u00e9rit\u00e9 au sein d&rsquo;un couple peut-on accorder \u00e0 l&rsquo;autre, et \u00e9galement \u00e0 soi-m\u00eame ? Car le film interroge aussi le rapport \u00e0 soi-m\u00eame : jusqu&rsquo;ou est-on capable d&rsquo;aller pour donner corps \u00e0 ses r\u00eaves ? Et, puisque l&rsquo;on prolonge cette r\u00e9flexion jusqu&rsquo;au bout, une fois que l&rsquo;on a obtenu ce que l&rsquo;on d\u00e9sirait par dessus tout, est-on pour autant satisfait ?<\/p>\n\n\n\n<p>C&rsquo;est une histoire de foi : peut-on croire \u00e0 la sinc\u00e9rit\u00e9 des sentiments ? Comment \u00eatre certain de ceux que l&rsquo;on porte ? &nbsp;Peut on croire \u00e0 l&rsquo;existence de cet objet magique tellement fantasm\u00e9 ?<\/p>\n\n\n\n<p>Le ton l\u00e9ger et d\u00e9cal\u00e9 trouve son inspiration chez les fr\u00e8res Farrelli, notamment \u00e0 travers des films comme \u00ab\u00a0L&rsquo;amour extra-large\u00a0\u00bb et \u00ab\u00a0Les femmes de ma vie\u00a0\u00bb.<\/p>\n\n\n\n<p><strong>Conditions<\/strong>: <\/p>\n\n\n\n<p>Le tournage se d\u00e9roulera entre Toulouse et Montauban. Il est non-r\u00e9mun\u00e9r\u00e9, mais, bien sur, il y a possibilit\u00e9 de d\u00e9frayer.<\/p>\n\n\n\n<p>Les personnages que je recherche pour les r\u00f4les principaux sont :<\/p>\n\n\n\n<ul class=\"wp-block-list\">\n<li><strong>Michelle<\/strong>, une jeune femme bien dans sa t\u00eate, libre et ind\u00e9pendante comme le sont les femmes d&rsquo;aujourd&rsquo;hui. Il s&rsquo;agit d&rsquo;un r\u00f4le fort, et il y a une gageure pour la com\u00e9dienne qui incarnera ce personnage. En effet, le personnage de Michelle connait une trajectoire qui la conduit \u00e0 \u00e9voluer tout au long du film. Le caract\u00e8re qu&rsquo;elle pr\u00e9sente au d\u00e9but \u00e9volue, et \u00e0 la fin, elle n&rsquo;est plus tout \u00e0 fait la m\u00eame. Outre ce joli r\u00f4le \u00e0 d\u00e9fendre, il faut qu&rsquo;elle soit \u00e0 l&rsquo;aise avec son corps, car une sc\u00e8ne de nu figure dans le sc\u00e9nario. Outre des qualit\u00e9s pour la com\u00e9die, elle devra r\u00e9pondre \u00e0 des crit\u00e8res esth\u00e9tiques bien connu, de beaut\u00e9 et, pourrait-on dire, d&rsquo;\u00e9l\u00e9gance. Une esth\u00e9ticienne sera d&rsquo;ailleurs pr\u00e9sente avant chacune de ses sc\u00e8nes, afin de rendre l&rsquo;actrice la plus jolie possible sur chaque plan.<\/li>\n\n\n\n<li><strong>H\u00e9l\u00e8ne<\/strong>&nbsp;est la voisine de Michelle. il s&rsquo;agit d&rsquo;une dame un peu \u00e2g\u00e9e, dont l&rsquo;importance est cruciale dans l&rsquo;histoire. Sympathique, c&rsquo;est par elle que l&rsquo;histoire avance. Elle est en quelque sorte aussi le contrepoint de Michelle.<\/li>\n\n\n\n<li><strong>Daniel<\/strong>&nbsp;: ami de Valentin, un peu geek<\/li>\n\n\n\n<li><strong>Esteban<\/strong>&nbsp;: ami de Valentin, un peu geek<\/li>\n\n\n\n<li><strong>Ivrogne<\/strong>&nbsp;: personnage avec un peu de gouaille<\/li>\n\n\n\n<li><strong>Serveur N\u00b01<\/strong>&nbsp;: un peu autoritaire<\/li>\n\n\n\n<li><strong>Serveur N\u00b02<\/strong>&nbsp;: un peu costaud<\/li>\n\n\n\n<li><strong>Couple de retrait\u00e9s<\/strong>&nbsp;: de pr\u00e9f\u00e9rence un vrai couple<\/li>\n\n\n\n<li><strong>Camelot<\/strong>&nbsp;: personnage avec un peu de gouaille<\/li>\n\n\n\n<li><strong>Couple qui s&rsquo;enlace<\/strong><\/li>\n\n\n\n<li><strong>Pr\u00eatre<\/strong><\/li>\n\n\n\n<li><strong>Plusieurs r\u00f4les de figurations<\/strong>&nbsp;sont \u00e9galement \u00e0 pourvoir lors de deux sc\u00e8nes : une dans une \u00e9glise pour une sc\u00e8ne de mariage, et l&rsquo;autre plus festive dans une boite de nuit<\/li>\n<\/ul>\n\n\n\n<p>Comme nous l&rsquo;avons dit plus haut, du c\u00f4t\u00e9 technique, nous sommes \u00e9galement \u00e0 la recherche d<strong>&lsquo;une esth\u00e9ticienne<\/strong>, qui sera principalement en charge de s&rsquo;occuper de l&rsquo;actrice incarnant Michelle.<br>Nous recherchons \u00e9galement des gens motiv\u00e9s afin de renforcer l&rsquo;\u00e9quipe technique.<\/p>\n\n\n\n<p><blockquote class=\"wp-embedded-content\" data-secret=\"hdAv7957Rf\"><a href=\"https:\/\/yannicklemagicien.com\/qui-suis-je\/\">Qui suis-je<\/a><\/blockquote><iframe loading=\"lazy\" class=\"wp-embedded-content\" sandbox=\"allow-scripts\" security=\"restricted\" style=\"position: absolute; clip: rect(1px, 1px, 1px, 1px);\" title=\"\u00ab\u00a0Qui suis-je\u00a0\u00bb &#8212; YannickLeMagicien\" src=\"https:\/\/yannicklemagicien.com\/qui-suis-je\/embed\/#?secret=wa0HFKHoqY#?secret=hdAv7957Rf\" data-secret=\"hdAv7957Rf\" width=\"600\" height=\"338\" frameborder=\"0\" marginwidth=\"0\" marginheight=\"0\" scrolling=\"no\"><\/iframe><\/p>\n\n\n\n<p>Le casting se d\u00e9roulera le&nbsp;<strong>samedi 31 Mars<\/strong>&nbsp;\u00e0 l&rsquo;<strong>\u00c9cole de danse Dominique Souli\u00e9<\/strong>, situ\u00e9 au&nbsp;65, rue L\u00e9on Cladel \u00e0 Montauban, \u00e0 partir de&nbsp;<strong>15 Heures.<\/strong><\/p>\n\n\n\n<p>Une deuxi\u00e8me session se d\u00e9roulera au m\u00eame endroit et dans les m\u00eames conditions le<strong>&nbsp;samedi 21 Avril 2018.<\/strong><br>Vous pouvez d&rsquo;ores et d\u00e9j\u00e0 confirmer votre pr\u00e9sence et&nbsp;me poser toutes vos questions, j&rsquo;ouvre un Forum sur le film ici :<\/p>\n\n\n\n<h3 class=\"wp-block-heading\"><a href=\"https:\/\/replicatio.fr\/forums\/forum\/la-fleche-de-cupidon\/\" target=\"_blank\" rel=\"noreferrer noopener\">https:\/\/replicatio.fr\/forums\/forum\/la-fleche-de-cupidon\/<\/a><\/h3>\n","protected":false},"excerpt":{"rendered":"<p>Note d&rsquo;intention \u00ab\u00a0La Fl\u00e8che de Cupidon\u00a0\u00bb&nbsp;est le nom de mon nouveau projet de court m\u00e9trage. Il s&rsquo;agit d&rsquo;une fiction qui traite de la probl\u00e9matique de la naissance du sentiment amoureux : questionner l&rsquo;essence des sentiments que peuvent se porter deux personnes entre elles permet de s&rsquo;interroger sur la nature du couple, et au del\u00e0 sur &hellip; <\/p>\n","protected":false},"author":1,"featured_media":0,"parent":0,"menu_order":0,"comment_status":"closed","ping_status":"closed","template":"","meta":{"footnotes":""},"class_list":["post-677","page","type-page","status-publish","hentry","latest_post","grid-sizer"],"jetpack_sharing_enabled":true,"_links":{"self":[{"href":"https:\/\/yannicklemagicien.fr\/index.php?rest_route=\/wp\/v2\/pages\/677","targetHints":{"allow":["GET"]}}],"collection":[{"href":"https:\/\/yannicklemagicien.fr\/index.php?rest_route=\/wp\/v2\/pages"}],"about":[{"href":"https:\/\/yannicklemagicien.fr\/index.php?rest_route=\/wp\/v2\/types\/page"}],"author":[{"embeddable":true,"href":"https:\/\/yannicklemagicien.fr\/index.php?rest_route=\/wp\/v2\/users\/1"}],"replies":[{"embeddable":true,"href":"https:\/\/yannicklemagicien.fr\/index.php?rest_route=%2Fwp%2Fv2%2Fcomments&post=677"}],"version-history":[{"count":4,"href":"https:\/\/yannicklemagicien.fr\/index.php?rest_route=\/wp\/v2\/pages\/677\/revisions"}],"predecessor-version":[{"id":700,"href":"https:\/\/yannicklemagicien.fr\/index.php?rest_route=\/wp\/v2\/pages\/677\/revisions\/700"}],"wp:attachment":[{"href":"https:\/\/yannicklemagicien.fr\/index.php?rest_route=%2Fwp%2Fv2%2Fmedia&parent=677"}],"curies":[{"name":"wp","href":"https:\/\/api.w.org\/{rel}","templated":true}]}}